{"id":23,"date":"2026-03-06T18:40:26","date_gmt":"2026-03-06T18:40:26","guid":{"rendered":"https:\/\/mfb-mueller.de\/?page_id=23"},"modified":"2026-03-10T19:34:06","modified_gmt":"2026-03-10T19:34:06","slug":"start","status":"publish","type":"page","link":"https:\/\/mfb-mueller.de\/","title":{"rendered":"Start"},"content":{"rendered":"\n<h1 class=\"wp-block-heading\" style=\"padding-top:0;padding-bottom:0\">Unsere Leistungen<\/h1>\n\n\n\n<p>Das Motto der Maler- und Lackierer: &#8222;Gestalten, erhalten, sch\u00fctzen&#8220;<\/p>\n\n\n\n<p>Wir sind ihr Partner f\u00fcr alle Modernisierungs- und Sanierungsaufgaben &#8211; innen und au\u00dfen, aus einer Hand. <\/p>\n\n\n\n<p>Es folgen ein paar Beispiele aus unserem Leistungssortiment. Weitere Einblicke erhalten Sie im Bereich&nbsp;Referenzen.<\/p>\n\n\n\n<h2 class=\"wp-block-heading\" style=\"padding-top:0;padding-bottom:0\">Maler- und Lackiererarbeiten&nbsp;<\/h2>\n\n\n\n<div class=\"wp-block-group is-layout-flex wp-container-core-group-is-layout-06eee85b wp-block-group-is-layout-flex\" style=\"margin-top:var(--wp--preset--spacing--20);margin-bottom:var(--wp--preset--spacing--20)\">\n<h2 class=\"wp-block-heading\">\u00a0<img loading=\"lazy\" decoding=\"async\" width=\"90\" height=\"120\" class=\"wp-image-151\" style=\"\" src=\"https:\/\/mfb-mueller.de\/wp-content\/uploads\/2026\/03\/20141029_163709_skl.jpg\" alt=\"\"> <img loading=\"lazy\" decoding=\"async\" width=\"150\" height=\"113\" class=\"wp-image-137\" style=\"width: 150px;\" src=\"https:\/\/mfb-mueller.de\/wp-content\/uploads\/2026\/03\/20150604_123616.jpg\" alt=\"\" srcset=\"https:\/\/mfb-mueller.de\/wp-content\/uploads\/2026\/03\/20150604_123616.jpg 2560w, https:\/\/mfb-mueller.de\/wp-content\/uploads\/2026\/03\/20150604_123616-300x225.jpg 300w, https:\/\/mfb-mueller.de\/wp-content\/uploads\/2026\/03\/20150604_123616-1024x768.jpg 1024w, https:\/\/mfb-mueller.de\/wp-content\/uploads\/2026\/03\/20150604_123616-768x576.jpg 768w, https:\/\/mfb-mueller.de\/wp-content\/uploads\/2026\/03\/20150604_123616-1536x1152.jpg 1536w, https:\/\/mfb-mueller.de\/wp-content\/uploads\/2026\/03\/20150604_123616-2048x1536.jpg 2048w\" sizes=\"auto, (max-width: 150px) 100vw, 150px\" \/><\/h2>\n\n\n\n<ul class=\"wp-block-list has-medium-font-size\">\n<li>Tapezierarbeiten&nbsp;<\/li>\n\n\n\n<li>Lackierarbeiten<\/li>\n\n\n\n<li>Farb- und Objektgestaltung<\/li>\n\n\n\n<li>Bodenbel\u00e4ge<\/li>\n\n\n\n<li>Fu\u00dfbodenbeschichtung<\/li>\n\n\n\n<li>Holzschutz<\/li>\n\n\n\n<li>Fassadenanstrich<\/li>\n<\/ul>\n<\/div>\n\n\n\n<div class=\"wp-block-group alignfull has-custom-dunkelgrau-background-color has-background has-global-padding is-layout-constrained wp-block-group-is-layout-constrained\">\n<h2 class=\"wp-block-heading has-base-color has-text-color has-link-color wp-elements-ef835cd86bc1f403c280daebc1d97f01\">Wandgestaltungen &nbsp;<\/h2>\n\n\n\n<div class=\"wp-block-group is-nowrap is-layout-flex wp-container-core-group-is-layout-e021f648 wp-block-group-is-layout-flex\" style=\"padding-top:var(--wp--preset--spacing--20);padding-bottom:var(--wp--preset--spacing--20)\">\n<figure class=\"wp-block-image size-large\"><img loading=\"lazy\" decoding=\"async\" width=\"1024\" height=\"725\" src=\"https:\/\/mfb-mueller.de\/wp-content\/uploads\/2026\/03\/DSC00339_a-1024x725.jpg\" alt=\"\" class=\"wp-image-136\" srcset=\"https:\/\/mfb-mueller.de\/wp-content\/uploads\/2026\/03\/DSC00339_a-1024x725.jpg 1024w, https:\/\/mfb-mueller.de\/wp-content\/uploads\/2026\/03\/DSC00339_a-300x212.jpg 300w, https:\/\/mfb-mueller.de\/wp-content\/uploads\/2026\/03\/DSC00339_a-768x544.jpg 768w, https:\/\/mfb-mueller.de\/wp-content\/uploads\/2026\/03\/DSC00339_a-1536x1088.jpg 1536w, https:\/\/mfb-mueller.de\/wp-content\/uploads\/2026\/03\/DSC00339_a-2048x1450.jpg 2048w\" sizes=\"auto, (max-width: 1024px) 100vw, 1024px\" \/><\/figure>\n\n\n\n<ul class=\"wp-block-list has-base-color has-text-color has-link-color has-medium-font-size wp-elements-6e144e96aa317233ba37963c30c138cb\">\n<li>Exklusive Wandgestaltungen<\/li>\n\n\n\n<li>Dekorative Maltechniken<\/li>\n\n\n\n<li>Metallische Effektputze &amp; -anstriche<\/li>\n<\/ul>\n<\/div>\n<\/div>\n\n\n\n<h2 class=\"wp-block-heading\">Fassadengestaltung, Restaurierung und Denkmalschutz&nbsp;&nbsp;<\/h2>\n\n\n\n<div class=\"wp-block-group is-layout-flex wp-block-group-is-layout-flex\" style=\"padding-top:var(--wp--preset--spacing--20);padding-bottom:var(--wp--preset--spacing--20)\">\n<figure class=\"wp-block-gallery has-nested-images columns-default is-cropped wp-block-gallery-1 is-layout-flex wp-block-gallery-is-layout-flex\">\n<figure class=\"wp-block-image size-full\"><img loading=\"lazy\" decoding=\"async\" width=\"506\" height=\"650\" data-id=\"150\" src=\"https:\/\/mfb-mueller.de\/wp-content\/uploads\/2026\/03\/20140630_084147_m.jpg\" alt=\"\" class=\"wp-image-150\" srcset=\"https:\/\/mfb-mueller.de\/wp-content\/uploads\/2026\/03\/20140630_084147_m.jpg 506w, https:\/\/mfb-mueller.de\/wp-content\/uploads\/2026\/03\/20140630_084147_m-234x300.jpg 234w\" sizes=\"auto, (max-width: 506px) 100vw, 506px\" \/><\/figure>\n\n\n\n<figure class=\"wp-block-image size-full is-style-default\"><img loading=\"lazy\" decoding=\"async\" width=\"1920\" height=\"2560\" data-id=\"154\" src=\"https:\/\/mfb-mueller.de\/wp-content\/uploads\/2026\/03\/20150309_163459-rotated.jpg\" alt=\"\" class=\"wp-image-154\" srcset=\"https:\/\/mfb-mueller.de\/wp-content\/uploads\/2026\/03\/20150309_163459-rotated.jpg 1920w, https:\/\/mfb-mueller.de\/wp-content\/uploads\/2026\/03\/20150309_163459-225x300.jpg 225w, https:\/\/mfb-mueller.de\/wp-content\/uploads\/2026\/03\/20150309_163459-768x1024.jpg 768w, https:\/\/mfb-mueller.de\/wp-content\/uploads\/2026\/03\/20150309_163459-1152x1536.jpg 1152w, https:\/\/mfb-mueller.de\/wp-content\/uploads\/2026\/03\/20150309_163459-1536x2048.jpg 1536w\" sizes=\"auto, (max-width: 1920px) 100vw, 1920px\" \/><\/figure>\n\n\n\n<figure class=\"wp-block-image size-large\"><img loading=\"lazy\" decoding=\"async\" width=\"375\" height=\"500\" data-id=\"165\" src=\"https:\/\/mfb-mueller.de\/wp-content\/uploads\/2026\/03\/20151224_114356_m.jpg\" alt=\"\" class=\"wp-image-165\" srcset=\"https:\/\/mfb-mueller.de\/wp-content\/uploads\/2026\/03\/20151224_114356_m.jpg 375w, https:\/\/mfb-mueller.de\/wp-content\/uploads\/2026\/03\/20151224_114356_m-225x300.jpg 225w\" sizes=\"auto, (max-width: 375px) 100vw, 375px\" \/><\/figure>\n<\/figure>\n\n\n\n<ul class=\"wp-block-list has-medium-font-size\">\n<li>Denkmalpflege&nbsp;<\/li>\n\n\n\n<li>Altbausanierung<\/li>\n\n\n\n<li>W\u00e4rmed\u00e4mmung im Verbundsystem<\/li>\n\n\n\n<li>Farbgestaltung f\u00fcr Fassaden<\/li>\n\n\n\n<li>Au\u00dfenputz<\/li>\n<\/ul>\n<\/div>\n\n\n\n<div class=\"wp-block-group alignfull has-custom-dunkelgrau-background-color has-background has-global-padding is-layout-constrained wp-block-group-is-layout-constrained\">\n<h2 class=\"wp-block-heading has-custom-weiss-color has-text-color has-link-color wp-elements-02743dcc2e121fb60678bd267e2123c8\">Trockenbau&nbsp;<\/h2>\n\n\n\n<div class=\"wp-block-group is-layout-flex wp-block-group-is-layout-flex\" style=\"padding-top:var(--wp--preset--spacing--20);padding-bottom:var(--wp--preset--spacing--20)\">\n<figure class=\"wp-block-image size-full\"><img loading=\"lazy\" decoding=\"async\" width=\"267\" height=\"200\" src=\"https:\/\/mfb-mueller.de\/wp-content\/uploads\/2026\/03\/20160102_102813_kl.jpg\" alt=\"\" class=\"wp-image-167\"\/><\/figure>\n\n\n\n<ul class=\"wp-block-list has-custom-weiss-color has-text-color has-link-color has-medium-font-size wp-elements-70c7dd8d228e200712d223d34edae85e\">\n<li>Trennw\u00e4nde, Vorsatzschalen, Installationsw\u00e4nde und Verkofferungen<\/li>\n\n\n\n<li>Deckenverkleidungen, Abgeh\u00e4ngte Unterdecken, Akustikdecken<\/li>\n\n\n\n<li>Schall- &amp;&nbsp;Brandschutzanforderungen<\/li>\n\n\n\n<li>Dekorativer Trockenbau: gew\u00f6lbte, geschwungene Decken oder&nbsp;W\u00e4nde&nbsp;<\/li>\n\n\n\n<li>Trockenfu\u00dfbodensysteme<\/li>\n\n\n\n<li>Lehmtrockenbau<\/li>\n\n\n\n<li>Dachgeschossausbau<\/li>\n<\/ul>\n<\/div>\n<\/div>\n\n\n\n<h2 class=\"wp-block-heading\">&nbsp;<img decoding=\"async\" src=\"https:\/\/web.archive.org\/web\/20251116205147im_\/http:\/\/mfb-mueller.de\/images\/refer\/20131203_091708_skl.jpg\" alt=\"\">Innen- und Au\u00dfenputz<\/h2>\n\n\n\n<div class=\"wp-block-group is-layout-flex wp-block-group-is-layout-flex\" style=\"padding-top:var(--wp--preset--spacing--20);padding-bottom:var(--wp--preset--spacing--20)\">\n<figure class=\"wp-block-gallery has-nested-images columns-default is-cropped wp-block-gallery-2 is-layout-flex wp-block-gallery-is-layout-flex\">\n<figure class=\"wp-block-image size-full\"><img loading=\"lazy\" decoding=\"async\" width=\"160\" height=\"120\" data-id=\"144\" src=\"https:\/\/mfb-mueller.de\/wp-content\/uploads\/2026\/03\/20131125_133737_skl.jpg\" alt=\"\" class=\"wp-image-144\"\/><\/figure>\n\n\n\n<figure class=\"wp-block-image size-large\"><img loading=\"lazy\" decoding=\"async\" width=\"132\" height=\"120\" data-id=\"153\" src=\"https:\/\/mfb-mueller.de\/wp-content\/uploads\/2026\/03\/20150218_110339_kl.jpg\" alt=\"\" class=\"wp-image-153\"\/><\/figure>\n\n\n\n<figure class=\"wp-block-image size-full\"><img loading=\"lazy\" decoding=\"async\" width=\"160\" height=\"120\" data-id=\"146\" src=\"https:\/\/mfb-mueller.de\/wp-content\/uploads\/2026\/03\/20140107_092816_skl.jpg\" alt=\"\" class=\"wp-image-146\"\/><\/figure>\n\n\n\n<figure class=\"wp-block-image size-full\"><img loading=\"lazy\" decoding=\"async\" width=\"1920\" height=\"2560\" data-id=\"142\" src=\"https:\/\/mfb-mueller.de\/wp-content\/uploads\/2026\/03\/20130928_114255-rotated.jpg\" alt=\"\" class=\"wp-image-142\" srcset=\"https:\/\/mfb-mueller.de\/wp-content\/uploads\/2026\/03\/20130928_114255-rotated.jpg 1920w, https:\/\/mfb-mueller.de\/wp-content\/uploads\/2026\/03\/20130928_114255-225x300.jpg 225w, https:\/\/mfb-mueller.de\/wp-content\/uploads\/2026\/03\/20130928_114255-768x1024.jpg 768w, https:\/\/mfb-mueller.de\/wp-content\/uploads\/2026\/03\/20130928_114255-1152x1536.jpg 1152w, https:\/\/mfb-mueller.de\/wp-content\/uploads\/2026\/03\/20130928_114255-1536x2048.jpg 1536w\" sizes=\"auto, (max-width: 1920px) 100vw, 1920px\" \/><\/figure>\n<\/figure>\n\n\n\n<ul class=\"wp-block-list has-medium-font-size\">\n<li>Innenputze aller Art, z.B.: Kalk-, Gips-, Zement- oder Lehmputze<\/li>\n\n\n\n<li>Innen-D\u00e4mmung, z.B.: Lehmd\u00e4mmplatten&nbsp;oder&nbsp;Calciumsilikat-Platten<\/li>\n\n\n\n<li>Au\u00dfenputze<\/li>\n\n\n\n<li>W\u00e4rmed\u00e4mmverbundsysteme (WDVS),&nbsp;geklebt oder auch als Schienensystem, z.B.: Mineralwolle, Styropor, Holzfaserd\u00e4mmplatten;&nbsp;<\/li>\n<\/ul>\n<\/div>\n","protected":false},"excerpt":{"rendered":"<p>Unsere Leistungen Das Motto der Maler- und Lackierer: &#8222;Gestalten, erhalten, sch\u00fctzen&#8220; Wir sind ihr Partner f\u00fcr alle Modernisierungs- und Sanierungsaufgaben &#8211; innen und au\u00dfen, aus einer Hand. Es folgen ein paar Beispiele aus unserem Leistungssortiment. Weitere Einblicke erhalten Sie im Bereich&nbsp;Referenzen. Maler- und Lackiererarbeiten&nbsp; \u00a0 Wandgestaltungen &nbsp; Fassadengestaltung, Restaurierung und Denkmalschutz&nbsp;&nbsp; Trockenbau&nbsp; &nbsp;Innen- und Au\u00dfenputz<\/p>\n","protected":false},"author":1,"featured_media":0,"parent":0,"menu_order":0,"comment_status":"closed","ping_status":"closed","template":"","meta":{"footnotes":""},"class_list":["post-23","page","type-page","status-publish","hentry"],"_links":{"self":[{"href":"https:\/\/mfb-mueller.de\/index.php\/wp-json\/wp\/v2\/pages\/23","targetHints":{"allow":["GET"]}}],"collection":[{"href":"https:\/\/mfb-mueller.de\/index.php\/wp-json\/wp\/v2\/pages"}],"about":[{"href":"https:\/\/mfb-mueller.de\/index.php\/wp-json\/wp\/v2\/types\/page"}],"author":[{"embeddable":true,"href":"https:\/\/mfb-mueller.de\/index.php\/wp-json\/wp\/v2\/users\/1"}],"replies":[{"embeddable":true,"href":"https:\/\/mfb-mueller.de\/index.php\/wp-json\/wp\/v2\/comments?post=23"}],"version-history":[{"count":91,"href":"https:\/\/mfb-mueller.de\/index.php\/wp-json\/wp\/v2\/pages\/23\/revisions"}],"predecessor-version":[{"id":325,"href":"https:\/\/mfb-mueller.de\/index.php\/wp-json\/wp\/v2\/pages\/23\/revisions\/325"}],"wp:attachment":[{"href":"https:\/\/mfb-mueller.de\/index.php\/wp-json\/wp\/v2\/media?parent=23"}],"curies":[{"name":"wp","href":"https:\/\/api.w.org\/{rel}","templated":true}]}}