{"id":111,"date":"2026-03-07T12:12:42","date_gmt":"2026-03-07T12:12:42","guid":{"rendered":"https:\/\/mfb-mueller.de\/?page_id=111"},"modified":"2026-03-12T22:35:59","modified_gmt":"2026-03-12T22:35:59","slug":"referenzen","status":"publish","type":"page","link":"https:\/\/mfb-mueller.de\/index.php\/referenzen\/","title":{"rendered":"Referenzen"},"content":{"rendered":"\n<p><\/p>\n\n\n\n<h1 class=\"wp-block-heading\">Referenzen<\/h1>\n\n\n\n<h3 class=\"wp-block-heading\"><sub>hier sehen Sie ausgew\u00e4hlte Referenzobjekte<\/sub><\/h3>\n\n\n\n<h2 class=\"wp-block-heading\">Sanierung Fassade &#8222;Trauminsel&#8220;, Schmalkalden<\/h2>\n\n\n\n<p><img decoding=\"async\" src=\"https:\/\/web.archive.org\/web\/20251116220500im_\/http:\/\/mfb-mueller.de\/images\/refer\/20140630_084147_kl.jpg\" alt=\"\"><img decoding=\"async\" src=\"https:\/\/web.archive.org\/web\/20251116220500im_\/http:\/\/mfb-mueller.de\/images\/refer\/DSC00352_a_kl.jpg\" alt=\"\">Dieses&nbsp;herausragende Sanierungsprojekt hat den Denkmalschutzpreis des Landkreises Schmalkalden-Meiningen gewonnen.<\/p>\n\n\n\n<p>Wegen der Rettungszufahrt zum Altmarkt sowie umfangreichen Holzarbeiten musste die Fassade in zwei Etappen saniert werden. Ausf\u00fchrungszeitraum: 09\/10 2013 &amp; 05\/07 2014.&nbsp;<\/p>\n\n\n\n<figure class=\"wp-block-gallery has-nested-images columns-default is-cropped wp-block-gallery-1 is-layout-flex wp-block-gallery-is-layout-flex\">\n<figure class=\"wp-block-image size-large\"><img loading=\"lazy\" decoding=\"async\" width=\"506\" height=\"650\" data-id=\"150\" src=\"https:\/\/mfb-mueller.de\/wp-content\/uploads\/2026\/03\/20140630_084147_m.jpg\" alt=\"\" class=\"wp-image-150\" srcset=\"https:\/\/mfb-mueller.de\/wp-content\/uploads\/2026\/03\/20140630_084147_m.jpg 506w, https:\/\/mfb-mueller.de\/wp-content\/uploads\/2026\/03\/20140630_084147_m-234x300.jpg 234w\" sizes=\"auto, (max-width: 506px) 100vw, 506px\" \/><figcaption class=\"wp-element-caption\">Fassade Giebel<\/figcaption><\/figure>\n\n\n\n<figure class=\"wp-block-image size-large\"><img loading=\"lazy\" decoding=\"async\" width=\"768\" height=\"1024\" data-id=\"190\" src=\"https:\/\/mfb-mueller.de\/wp-content\/uploads\/2026\/03\/20131218_114058-768x1024.jpg\" alt=\"\" class=\"wp-image-190\" srcset=\"https:\/\/mfb-mueller.de\/wp-content\/uploads\/2026\/03\/20131218_114058-768x1024.jpg 768w, https:\/\/mfb-mueller.de\/wp-content\/uploads\/2026\/03\/20131218_114058-225x300.jpg 225w, https:\/\/mfb-mueller.de\/wp-content\/uploads\/2026\/03\/20131218_114058-1152x1536.jpg 1152w, https:\/\/mfb-mueller.de\/wp-content\/uploads\/2026\/03\/20131218_114058-1536x2048.jpg 1536w, https:\/\/mfb-mueller.de\/wp-content\/uploads\/2026\/03\/20131218_114058.jpg 1920w\" sizes=\"auto, (max-width: 768px) 100vw, 768px\" \/><figcaption class=\"wp-element-caption\">Fassade Seite<\/figcaption><\/figure>\n\n\n\n<figure class=\"wp-block-image size-full\"><img loading=\"lazy\" decoding=\"async\" width=\"1467\" height=\"2560\" data-id=\"173\" src=\"https:\/\/mfb-mueller.de\/wp-content\/uploads\/2026\/03\/DSC00352_a-scaled.jpg\" alt=\"\" class=\"wp-image-173\" srcset=\"https:\/\/mfb-mueller.de\/wp-content\/uploads\/2026\/03\/DSC00352_a-scaled.jpg 1467w, https:\/\/mfb-mueller.de\/wp-content\/uploads\/2026\/03\/DSC00352_a-172x300.jpg 172w, https:\/\/mfb-mueller.de\/wp-content\/uploads\/2026\/03\/DSC00352_a-587x1024.jpg 587w, https:\/\/mfb-mueller.de\/wp-content\/uploads\/2026\/03\/DSC00352_a-768x1340.jpg 768w, https:\/\/mfb-mueller.de\/wp-content\/uploads\/2026\/03\/DSC00352_a-880x1536.jpg 880w, https:\/\/mfb-mueller.de\/wp-content\/uploads\/2026\/03\/DSC00352_a-1174x2048.jpg 1174w\" sizes=\"auto, (max-width: 1467px) 100vw, 1467px\" \/><\/figure>\n\n\n\n<figure class=\"wp-block-image size-large\"><img loading=\"lazy\" decoding=\"async\" width=\"768\" height=\"1024\" data-id=\"193\" src=\"https:\/\/mfb-mueller.de\/wp-content\/uploads\/2026\/03\/20130909_075857-768x1024.jpg\" alt=\"\" class=\"wp-image-193\" srcset=\"https:\/\/mfb-mueller.de\/wp-content\/uploads\/2026\/03\/20130909_075857-768x1024.jpg 768w, https:\/\/mfb-mueller.de\/wp-content\/uploads\/2026\/03\/20130909_075857-225x300.jpg 225w, https:\/\/mfb-mueller.de\/wp-content\/uploads\/2026\/03\/20130909_075857-1152x1536.jpg 1152w, https:\/\/mfb-mueller.de\/wp-content\/uploads\/2026\/03\/20130909_075857-1536x2048.jpg 1536w, https:\/\/mfb-mueller.de\/wp-content\/uploads\/2026\/03\/20130909_075857.jpg 1920w\" sizes=\"auto, (max-width: 768px) 100vw, 768px\" \/><\/figure>\n\n\n\n<figure class=\"wp-block-image size-large\"><img loading=\"lazy\" decoding=\"async\" width=\"1024\" height=\"768\" data-id=\"191\" src=\"https:\/\/mfb-mueller.de\/wp-content\/uploads\/2026\/03\/20140507_103645-1-1024x768.jpg\" alt=\"\" class=\"wp-image-191\" srcset=\"https:\/\/mfb-mueller.de\/wp-content\/uploads\/2026\/03\/20140507_103645-1-1024x768.jpg 1024w, https:\/\/mfb-mueller.de\/wp-content\/uploads\/2026\/03\/20140507_103645-1-300x225.jpg 300w, https:\/\/mfb-mueller.de\/wp-content\/uploads\/2026\/03\/20140507_103645-1-768x576.jpg 768w, https:\/\/mfb-mueller.de\/wp-content\/uploads\/2026\/03\/20140507_103645-1-1536x1152.jpg 1536w, https:\/\/mfb-mueller.de\/wp-content\/uploads\/2026\/03\/20140507_103645-1-2048x1536.jpg 2048w\" sizes=\"auto, (max-width: 1024px) 100vw, 1024px\" \/><figcaption class=\"wp-element-caption\">Neues Holz angepasst<\/figcaption><\/figure>\n\n\n\n<figure class=\"wp-block-image size-large\"><img loading=\"lazy\" decoding=\"async\" width=\"1024\" height=\"768\" data-id=\"194\" src=\"https:\/\/mfb-mueller.de\/wp-content\/uploads\/2026\/03\/20140507_103635-1024x768.jpg\" alt=\"\" class=\"wp-image-194\" srcset=\"https:\/\/mfb-mueller.de\/wp-content\/uploads\/2026\/03\/20140507_103635-1024x768.jpg 1024w, https:\/\/mfb-mueller.de\/wp-content\/uploads\/2026\/03\/20140507_103635-300x225.jpg 300w, https:\/\/mfb-mueller.de\/wp-content\/uploads\/2026\/03\/20140507_103635-768x576.jpg 768w, https:\/\/mfb-mueller.de\/wp-content\/uploads\/2026\/03\/20140507_103635-1536x1152.jpg 1536w, https:\/\/mfb-mueller.de\/wp-content\/uploads\/2026\/03\/20140507_103635-2048x1536.jpg 2048w\" sizes=\"auto, (max-width: 1024px) 100vw, 1024px\" \/><\/figure>\n<\/figure>\n\n\n\n<p>Ausgef\u00fchrte Arbeiten: Entfernen und Einsetzen von kleineren schadhaften Holzteilen. Die Struktur der neu eingesetzten Holzteile sowie komplett neu eingesetzten Fachwerkbalken an vorhandene Holzstuktur anpassen, Reinigung der Fachwerkteile, Neuaufbau bzw. \u00dcberarbeitung der Putzfelder, Anstricharbeiten, Absetzten der Zierleisten an Fenstern und Gesims.<\/p>\n\n\n\n<p><img decoding=\"async\" src=\"https:\/\/web.archive.org\/web\/20251116220500im_\/http:\/\/mfb-mueller.de\/images\/refer\/DSCF5420_kl.jpg\" alt=\"\"><img decoding=\"async\" src=\"https:\/\/web.archive.org\/web\/20251116220500im_\/http:\/\/mfb-mueller.de\/images\/refer\/20131218_114058_kl.jpg\" alt=\"\"><img decoding=\"async\" src=\"https:\/\/web.archive.org\/web\/20251116220500im_\/http:\/\/mfb-mueller.de\/images\/refer\/20140507_103645_kl.jpg\" alt=\"\">Eine Trennung von Vorder- und Hinterhaus wurde durch unterschiedliche Farbgestaltung sowie eine andere Oberfl\u00e4chenstruktur der Fachwerkfelder geschaffen. Alle&nbsp;Bauma\u00dfnahmen wurden w\u00e4hrend dem laufendem Verkaufsbetrieb realisiert.<\/p>\n\n\n\n<h2 class=\"wp-block-heading\">Renovierung Wohnzimmer, Einfamilienhaus<\/h2>\n\n\n\n<p><img decoding=\"async\" src=\"https:\/\/web.archive.org\/web\/20251116220500im_\/http:\/\/mfb-mueller.de\/images\/refer\/DSC00309_kl.jpg\" alt=\"\">Ausf\u00fchrungszeitraum 01\/2015<\/p>\n\n\n\n<div class=\"wp-block-group has-global-padding is-layout-constrained wp-block-group-is-layout-constrained\">\n<div class=\"wp-block-media-text is-stacked-on-mobile\"><figure class=\"wp-block-media-text__media\"><img loading=\"lazy\" decoding=\"async\" width=\"1024\" height=\"725\" src=\"https:\/\/mfb-mueller.de\/wp-content\/uploads\/2026\/03\/DSC00339_a-1024x725.jpg\" alt=\"\" class=\"wp-image-136 size-full\" srcset=\"https:\/\/mfb-mueller.de\/wp-content\/uploads\/2026\/03\/DSC00339_a-1024x725.jpg 1024w, https:\/\/mfb-mueller.de\/wp-content\/uploads\/2026\/03\/DSC00339_a-300x212.jpg 300w, https:\/\/mfb-mueller.de\/wp-content\/uploads\/2026\/03\/DSC00339_a-768x544.jpg 768w, https:\/\/mfb-mueller.de\/wp-content\/uploads\/2026\/03\/DSC00339_a-1536x1088.jpg 1536w, https:\/\/mfb-mueller.de\/wp-content\/uploads\/2026\/03\/DSC00339_a-2048x1450.jpg 2048w\" sizes=\"auto, (max-width: 1024px) 100vw, 1024px\" \/><\/figure><div class=\"wp-block-media-text__content\">\n<p>Durch die Vielzahl der Putzfarben, Lasuren und Oberfl\u00e4chengestaltungen des Putzes (grobe oder feine Strukturierung, Abdrucktechnik, Putzzus\u00e4tze z.B. Glimmer, &#8230;) sind der kreativen Wandgestaltung keine Grenzen gesetzt.<\/p>\n\n\n\n<p>Die Stirnseiten wurden abgesetzt, um einen optischen Ausgleich des&nbsp;lang gezogenen Wohnzimmers zu erzielen. An den&nbsp;W\u00e4nden wurde ein&nbsp;exklusiver Innenputz aufgetragen. Um den Effekt zu verst\u00e4rken, wurde eine Lasur aufgetragen und abschlie\u00dfend poliert. Je nach Lichteinfall und Betrachtungswinkel ergeben sich wundersch\u00f6ne Effekte.<\/p>\n\n\n\n<p>Mit einer weiteren Produktlinie des Herstellers sind auch W\u00e4nde mit Rost-Optik realisierbar.<\/p>\n<\/div><\/div>\n<\/div>\n\n\n\n<h2 class=\"wp-block-heading\">Fassade Mehrfamilienhaus<\/h2>\n\n\n\n<div class=\"wp-block-media-text is-stacked-on-mobile\"><figure class=\"wp-block-media-text__media\"><img loading=\"lazy\" decoding=\"async\" width=\"1024\" height=\"768\" src=\"https:\/\/mfb-mueller.de\/wp-content\/uploads\/2026\/03\/20150604_123616-1024x768.jpg\" alt=\"\" class=\"wp-image-137 size-full\" srcset=\"https:\/\/mfb-mueller.de\/wp-content\/uploads\/2026\/03\/20150604_123616-1024x768.jpg 1024w, https:\/\/mfb-mueller.de\/wp-content\/uploads\/2026\/03\/20150604_123616-300x225.jpg 300w, https:\/\/mfb-mueller.de\/wp-content\/uploads\/2026\/03\/20150604_123616-768x576.jpg 768w, https:\/\/mfb-mueller.de\/wp-content\/uploads\/2026\/03\/20150604_123616-1536x1152.jpg 1536w, https:\/\/mfb-mueller.de\/wp-content\/uploads\/2026\/03\/20150604_123616-2048x1536.jpg 2048w\" sizes=\"auto, (max-width: 1024px) 100vw, 1024px\" \/><\/figure><div class=\"wp-block-media-text__content\">\n<p>&nbsp;&nbsp;Ausgef\u00fchrte Arbeiten:<\/p>\n\n\n\n<ul class=\"wp-block-list\">\n<li>komplette \u00dcberarbeitung der Giebelseite<\/li>\n\n\n\n<li>Ausgleichen von starken Untergrundunebenheiten<\/li>\n\n\n\n<li>abgesetzte Ecks\u00e4ulen&nbsp;<\/li>\n\n\n\n<li>Mineralischer Strukturputz und Fassadenanstrich<\/li>\n<\/ul>\n<\/div><\/div>\n\n\n\n<h2 class=\"wp-block-heading\">Fachwerkwohnhaus Schmalkalden<\/h2>\n\n\n\n<figure class=\"wp-block-gallery has-nested-images columns-default is-cropped wp-block-gallery-2 is-layout-flex wp-block-gallery-is-layout-flex\">\n<figure class=\"wp-block-image size-large\"><img loading=\"lazy\" decoding=\"async\" width=\"768\" height=\"1024\" data-id=\"163\" src=\"https:\/\/mfb-mueller.de\/wp-content\/uploads\/2026\/03\/20151224_114356-768x1024.jpg\" alt=\"\" class=\"wp-image-163\" srcset=\"https:\/\/mfb-mueller.de\/wp-content\/uploads\/2026\/03\/20151224_114356-768x1024.jpg 768w, https:\/\/mfb-mueller.de\/wp-content\/uploads\/2026\/03\/20151224_114356-225x300.jpg 225w, https:\/\/mfb-mueller.de\/wp-content\/uploads\/2026\/03\/20151224_114356-1152x1536.jpg 1152w, https:\/\/mfb-mueller.de\/wp-content\/uploads\/2026\/03\/20151224_114356-1536x2048.jpg 1536w, https:\/\/mfb-mueller.de\/wp-content\/uploads\/2026\/03\/20151224_114356.jpg 1920w\" sizes=\"auto, (max-width: 768px) 100vw, 768px\" \/><\/figure>\n\n\n\n<figure class=\"wp-block-image size-large\"><img loading=\"lazy\" decoding=\"async\" width=\"768\" height=\"1024\" data-id=\"154\" src=\"https:\/\/mfb-mueller.de\/wp-content\/uploads\/2026\/03\/20150309_163459-768x1024.jpg\" alt=\"\" class=\"wp-image-154\" srcset=\"https:\/\/mfb-mueller.de\/wp-content\/uploads\/2026\/03\/20150309_163459-768x1024.jpg 768w, https:\/\/mfb-mueller.de\/wp-content\/uploads\/2026\/03\/20150309_163459-225x300.jpg 225w, https:\/\/mfb-mueller.de\/wp-content\/uploads\/2026\/03\/20150309_163459-1152x1536.jpg 1152w, https:\/\/mfb-mueller.de\/wp-content\/uploads\/2026\/03\/20150309_163459-1536x2048.jpg 1536w, https:\/\/mfb-mueller.de\/wp-content\/uploads\/2026\/03\/20150309_163459-rotated.jpg 1920w\" sizes=\"auto, (max-width: 768px) 100vw, 768px\" \/><\/figure>\n\n\n\n<figure class=\"wp-block-image size-large\"><img loading=\"lazy\" decoding=\"async\" width=\"768\" height=\"1024\" data-id=\"162\" src=\"https:\/\/mfb-mueller.de\/wp-content\/uploads\/2026\/03\/20150425_140857-768x1024.jpg\" alt=\"\" class=\"wp-image-162\" srcset=\"https:\/\/mfb-mueller.de\/wp-content\/uploads\/2026\/03\/20150425_140857-768x1024.jpg 768w, https:\/\/mfb-mueller.de\/wp-content\/uploads\/2026\/03\/20150425_140857-225x300.jpg 225w, https:\/\/mfb-mueller.de\/wp-content\/uploads\/2026\/03\/20150425_140857-1152x1536.jpg 1152w, https:\/\/mfb-mueller.de\/wp-content\/uploads\/2026\/03\/20150425_140857-1536x2048.jpg 1536w, https:\/\/mfb-mueller.de\/wp-content\/uploads\/2026\/03\/20150425_140857-rotated.jpg 1920w\" sizes=\"auto, (max-width: 768px) 100vw, 768px\" \/><\/figure>\n<\/figure>\n\n\n\n<p>Ausgef\u00fchrte Arbeiten:<\/p>\n\n\n\n<ul class=\"wp-block-list\">\n<li>Ausbesserungen von schadhaften Putz und Fachwerkteilen<\/li>\n\n\n\n<li>teilweise Neuaufbau der Fachwerkfelder<\/li>\n\n\n\n<li>Absetzen von&nbsp;F\u00fcllh\u00f6lzern und Zierleisten zur Auflockerung\/Akzentuierung der Fassadenansicht<\/li>\n\n\n\n<li>\u00dcberholungsanstrich der Fenster und Haust\u00fcr.&nbsp;<img decoding=\"async\" src=\"https:\/\/web.archive.org\/web\/20251116220500im_\/http:\/\/mfb-mueller.de\/images\/refer\/20150420_092508_kl.jpg\" alt=\"\"><\/li>\n<\/ul>\n\n\n\n<figure class=\"wp-block-gallery has-nested-images columns-default is-cropped wp-block-gallery-3 is-layout-flex wp-block-gallery-is-layout-flex\">\n<figure class=\"wp-block-image size-large\"><img loading=\"lazy\" decoding=\"async\" width=\"768\" height=\"1024\" data-id=\"156\" src=\"https:\/\/mfb-mueller.de\/wp-content\/uploads\/2026\/03\/20150312_150323-768x1024.jpg\" alt=\"\" class=\"wp-image-156\" srcset=\"https:\/\/mfb-mueller.de\/wp-content\/uploads\/2026\/03\/20150312_150323-768x1024.jpg 768w, https:\/\/mfb-mueller.de\/wp-content\/uploads\/2026\/03\/20150312_150323-225x300.jpg 225w, https:\/\/mfb-mueller.de\/wp-content\/uploads\/2026\/03\/20150312_150323-1152x1536.jpg 1152w, https:\/\/mfb-mueller.de\/wp-content\/uploads\/2026\/03\/20150312_150323-1536x2048.jpg 1536w, https:\/\/mfb-mueller.de\/wp-content\/uploads\/2026\/03\/20150312_150323-rotated.jpg 1920w\" sizes=\"auto, (max-width: 768px) 100vw, 768px\" \/><figcaption class=\"wp-element-caption\">vorher&#8230;<\/figcaption><\/figure>\n\n\n\n<figure class=\"wp-block-image size-large\"><img loading=\"lazy\" decoding=\"async\" width=\"768\" height=\"1024\" data-id=\"158\" src=\"https:\/\/mfb-mueller.de\/wp-content\/uploads\/2026\/03\/20150420_092456-768x1024.jpg\" alt=\"\" class=\"wp-image-158\" srcset=\"https:\/\/mfb-mueller.de\/wp-content\/uploads\/2026\/03\/20150420_092456-768x1024.jpg 768w, https:\/\/mfb-mueller.de\/wp-content\/uploads\/2026\/03\/20150420_092456-225x300.jpg 225w, https:\/\/mfb-mueller.de\/wp-content\/uploads\/2026\/03\/20150420_092456-1152x1536.jpg 1152w, https:\/\/mfb-mueller.de\/wp-content\/uploads\/2026\/03\/20150420_092456-1536x2048.jpg 1536w, https:\/\/mfb-mueller.de\/wp-content\/uploads\/2026\/03\/20150420_092456-rotated.jpg 1920w\" sizes=\"auto, (max-width: 768px) 100vw, 768px\" \/><figcaption class=\"wp-element-caption\">&#8230;nachher<\/figcaption><\/figure>\n<\/figure>\n","protected":false},"excerpt":{"rendered":"<p>Referenzen hier sehen Sie ausgew\u00e4hlte Referenzobjekte Sanierung Fassade &#8222;Trauminsel&#8220;, Schmalkalden Dieses&nbsp;herausragende Sanierungsprojekt hat den Denkmalschutzpreis des Landkreises Schmalkalden-Meiningen gewonnen. Wegen der Rettungszufahrt zum Altmarkt sowie umfangreichen Holzarbeiten musste die Fassade in zwei Etappen saniert werden. Ausf\u00fchrungszeitraum: 09\/10 2013 &amp; 05\/07 2014.&nbsp; Ausgef\u00fchrte Arbeiten: Entfernen und Einsetzen von kleineren schadhaften Holzteilen. Die Struktur der neu eingesetzten [&hellip;]<\/p>\n","protected":false},"author":1,"featured_media":0,"parent":0,"menu_order":0,"comment_status":"closed","ping_status":"closed","template":"","meta":{"footnotes":""},"class_list":["post-111","page","type-page","status-publish","hentry"],"_links":{"self":[{"href":"https:\/\/mfb-mueller.de\/index.php\/wp-json\/wp\/v2\/pages\/111","targetHints":{"allow":["GET"]}}],"collection":[{"href":"https:\/\/mfb-mueller.de\/index.php\/wp-json\/wp\/v2\/pages"}],"about":[{"href":"https:\/\/mfb-mueller.de\/index.php\/wp-json\/wp\/v2\/types\/page"}],"author":[{"embeddable":true,"href":"https:\/\/mfb-mueller.de\/index.php\/wp-json\/wp\/v2\/users\/1"}],"replies":[{"embeddable":true,"href":"https:\/\/mfb-mueller.de\/index.php\/wp-json\/wp\/v2\/comments?post=111"}],"version-history":[{"count":11,"href":"https:\/\/mfb-mueller.de\/index.php\/wp-json\/wp\/v2\/pages\/111\/revisions"}],"predecessor-version":[{"id":326,"href":"https:\/\/mfb-mueller.de\/index.php\/wp-json\/wp\/v2\/pages\/111\/revisions\/326"}],"wp:attachment":[{"href":"https:\/\/mfb-mueller.de\/index.php\/wp-json\/wp\/v2\/media?parent=111"}],"curies":[{"name":"wp","href":"https:\/\/api.w.org\/{rel}","templated":true}]}}